{"id":44210,"date":"2025-01-06T08:25:25","date_gmt":"2025-01-06T01:25:25","guid":{"rendered":"https:\/\/topbetvn68.com\/?page_id=44210"},"modified":"2025-01-06T14:11:28","modified_gmt":"2025-01-06T07:11:28","slug":"loto","status":"publish","type":"page","link":"https:\/\/topbetvn68.com\/index.php\/loto\/","title":{"rendered":"Loto"},"content":{"rendered":"\t\t<div data-elementor-type=\"wp-page\" data-elementor-id=\"44210\" class=\"elementor elementor-44210\">\n\t\t\t\t<div class=\"elementor-element elementor-element-28dddef e-flex e-con-boxed e-con e-parent\" data-id=\"28dddef\" data-element_type=\"container\">\n\t\t\t\t\t<div class=\"e-con-inner\">\n\t\t\t\t<div class=\"elementor-element elementor-element-83b3a47 elementor-widget elementor-widget-spacer\" data-id=\"83b3a47\" data-element_type=\"widget\" data-widget_type=\"spacer.default\">\n\t\t\t\t<div class=\"elementor-widget-container\">\n\t\t\t\t\t\t\t<div class=\"elementor-spacer\">\n\t\t\t<div class=\"elementor-spacer-inner\"><\/div>\n\t\t<\/div>\n\t\t\t\t\t\t<\/div>\n\t\t\t\t<\/div>\n\t\t\t\t\t<\/div>\n\t\t\t\t<\/div>\n\t\t<div class=\"elementor-element elementor-element-39d5caf e-flex e-con-boxed e-con e-parent\" data-id=\"39d5caf\" data-element_type=\"container\">\n\t\t\t\t\t<div class=\"e-con-inner\">\n\t\t\t\t<div class=\"elementor-element elementor-element-8e6b4f1 elementor-widget elementor-widget-rs-heading\" data-id=\"8e6b4f1\" data-element_type=\"widget\" data-widget_type=\"rs-heading.default\">\n\t\t\t\t<div class=\"elementor-widget-container\">\n\t\t\t\t\t        <div class=\"rs-heading default  \">\r\n        \t<div class=\"title-inner\">\r\n        \t\t      \t\t\r\n\t            <span class=\"sub-text \">Loto<\/span><h2 class=\"title\"><span class=\"watermark\"><\/span>L\u00f4 \u0110\u1ec1 3 Mi\u1ec1n B\u1eafc - Trung - Nam V\u1edbi Gi\u00e1 Th\u1ea7u H\u1ea5p D\u1eabn<\/h2>\t        <\/div>\r\n\t                    \t<div class=\"description\">\r\n            \t\t<p>B\u1ea1n mu\u1ed1n chinh ph\u1ee5c c\u01a1 h\u1ed9i v\u00e0 tr\u1edf th\u00e0nh tri\u1ec7u ph\u00fa? H\u00e3y l\u1ef1a ch\u1ecdn Topbet, \u0111\u1ed1i t\u00e1c chi\u1ebfn l\u01b0\u1ee3c c\u00f9ng ONE789 (LD789) v\u00e0 SGD6666, \u0111\u1ec3 bi\u1ebfn nh\u1eefng gi\u1ea5c m\u01a1 kinh doanh b\u00f3ng \u0111\u00e1 c\u1ee7a b\u1ea1n th\u00e0nh s\u1ef1 th\u1eadt!<\/p>            \t\t\r\n            \t<\/div>\r\n        \t        <\/div>\r\n\r\n        \t\t\t\t<\/div>\n\t\t\t\t<\/div>\n\t\t\t\t\t<\/div>\n\t\t\t\t<\/div>\n\t\t\t\t<section class=\"elementor-section elementor-top-section elementor-element elementor-element-bcb1d26 elementor-section-boxed elementor-section-height-default elementor-section-height-default\" data-id=\"bcb1d26\" data-element_type=\"section\">\n\t\t\t\t\t\t<div class=\"elementor-container elementor-column-gap-default\">\n\t\t\t\t\t<div class=\"elementor-column elementor-col-100 elementor-top-column elementor-element elementor-element-2b533db\" data-id=\"2b533db\" data-element_type=\"column\">\n\t\t\t<div class=\"elementor-widget-wrap elementor-element-populated\">\n\t\t\t\t\t\t<section class=\"elementor-section elementor-inner-section elementor-element elementor-element-08c3b77 elementor-section-boxed elementor-section-height-default elementor-section-height-default\" data-id=\"08c3b77\" data-element_type=\"section\">\n\t\t\t\t\t\t<div class=\"elementor-container elementor-column-gap-default\">\n\t\t\t\t\t<div class=\"elementor-column elementor-col-100 elementor-inner-column elementor-element elementor-element-46810b3\" data-id=\"46810b3\" data-element_type=\"column\">\n\t\t\t<div class=\"elementor-widget-wrap elementor-element-populated\">\n\t\t\t\t\t\t<div class=\"elementor-element elementor-element-b88967e elementor-widget elementor-widget-rsblog-slider\" data-id=\"b88967e\" data-element_type=\"widget\" data-widget_type=\"rsblog-slider.default\">\n\t\t\t\t<div class=\"elementor-widget-container\">\n\t\t\t\t\t            <div class=\"rsaddon-unique-slider rs-blog-grid blog-grid\">\r\n                <div id=\"rsaddon-slick-slider-13461\" class=\"rs-addon-slider\" >\r\n                                            \r\n                        \r\n                            <div class=\"blog-item default\">\r\n                                <div class=\"blog-inner-wrap \">\r\n\r\n                                    <div class=\"image-wrap\">\r\n                                        <a class=\"pointer-events\" href=\"https:\/\/topbetvn68.com\/index.php\/2025\/06\/03\/quan-ly-he-thong-igaming\/\">\r\n                                            <img fetchpriority=\"high\" decoding=\"async\" width=\"640\" height=\"335\" src=\"https:\/\/topbetvn68.com\/wp-content\/uploads\/2025\/06\/bezvn-dich-vu-quan-ly-he-thong-1024x536.png\" class=\"attachment-large size-large wp-post-image\" alt=\"D\u1ecaCH V\u1ee4 QU\u1ea2N L\u00dd H\u1ec6 TH\u1ed0NG iGAMING\" srcset=\"https:\/\/topbetvn68.com\/wp-content\/uploads\/2025\/06\/bezvn-dich-vu-quan-ly-he-thong-1024x536.png 1024w, https:\/\/topbetvn68.com\/wp-content\/uploads\/2025\/06\/bezvn-dich-vu-quan-ly-he-thong-300x157.png 300w, https:\/\/topbetvn68.com\/wp-content\/uploads\/2025\/06\/bezvn-dich-vu-quan-ly-he-thong-768x402.png 768w, https:\/\/topbetvn68.com\/wp-content\/uploads\/2025\/06\/bezvn-dich-vu-quan-ly-he-thong-860x450.png 860w, https:\/\/topbetvn68.com\/wp-content\/uploads\/2025\/06\/bezvn-dich-vu-quan-ly-he-thong.png 1200w\" sizes=\"(max-width: 640px) 100vw, 640px\" \/>                                        <\/a> \r\n                                    <\/div>\r\n\r\n\r\n\r\n                                                                            <div class=\"blog-content\">\r\n\r\n                                          \r\n\r\n                                        \r\n                                        <h3 class=\"blog-name\"><a class=\"pointer-events\" href=\"https:\/\/topbetvn68.com\/index.php\/2025\/06\/03\/quan-ly-he-thong-igaming\/\">D\u1ecaCH V\u1ee4 QU\u1ea2N L\u00dd H\u1ec6 TH\u1ed0NG iGAMING \u2013 GI\u1ea2I PH\u00c1P QU\u1ea2N L\u00dd TH\u01af\u01a0NG HI\u1ec6U CHO NH\u00c0 \u0110\u1ea6U T\u01af<\/a><\/h3>\r\n\r\n                                                                                    <p>D\u1ecbch v\u1ee5 qu\u1ea3n l\u00fd h\u1ec7 th\u1ed1ng iGaming to\u00e0n di\u1ec7n \u2013 gi\u1ea3i ph\u00e1p v\u1eadn h\u00e0nh \u1ee7y th\u00e1c...<\/p>\r\n                                                                                \r\n                                        <div class=\"blog-footer d-flex align-items-center justify-content-between\">\r\n                                             \r\n                                                                                                                                                                                                                                                                                                                                                                                                                                                                                                                                                                                                                                                                                                                                                                                                                                                                                                                                                                                                                                                                                                                                                                                                                                                                                                                                                                                                                                                                                                                                                                                                                                                                                                                                                                                                                                                                                                                                                      \r\n                                                                                            <div class=\"blog-meta\">\r\n                                                    <span class=\"date\"><i class=\"fa fa-clock-o\" aria-hidden=\"true\"><\/i>\r\n                                                    03 Th6 2025<\/span>\r\n                                                <\/div>\r\n                                                                                            \r\n                                        <\/div> \r\n                                    <\/div>   \r\n                                    \r\n                                <\/div>\r\n                            <\/div>\r\n                                        \r\n                <\/div>\r\n                <div class=\"rsaddon-slider-conf wpsisac-hide\" data-conf=\"{&quot;slidesToShow&quot;:&quot;1&quot;,&quot;autoplaySpeed&quot;:&quot;1000&quot;,&quot;interval&quot;:&quot;1000&quot;,&quot;slidesToScroll&quot;:&quot;1&quot;,&quot;slider_autoplay&quot;:&quot;false&quot;,&quot;pauseOnHover&quot;:&quot;false&quot;,&quot;sliderDots&quot;:&quot;true&quot;,&quot;sliderNav&quot;:&quot;false&quot;,&quot;infinite&quot;:&quot;false&quot;,&quot;centerMode&quot;:&quot;false&quot;,&quot;col_lg&quot;:&quot;1&quot;,&quot;col_md&quot;:&quot;1&quot;,&quot;col_sm&quot;:&quot;1&quot;,&quot;col_xs&quot;:1}\"><\/div>\r\n            <\/div>\r\n            <script type=\"text\/javascript\"> \r\n            jQuery(document).ready(function(){\r\n            jQuery( '.rs-addon-slider' ).each(function( index ) {        \r\n            var slider_id       = jQuery(this).attr('id'); \r\n            var slider_conf     = jQuery.parseJSON( jQuery(this).closest('.rsaddon-unique-slider').find('.rsaddon-slider-conf').attr('data-conf'));\r\n           \r\n            if( typeof(slider_id) != 'undefined' && slider_id != '' ) {\r\n            jQuery('#'+slider_id).not('.slick-initialized').slick({\r\n            slidesToShow    : parseInt(slider_conf.col_lg),\r\n            centerMode      : (slider_conf.centerMode)  == \"true\" ? true : false,\r\n            dots            : (slider_conf.sliderDots)  == \"true\" ? true : false,\r\n            arrows          : (slider_conf.sliderNav) == \"true\" ? true : false,\r\n            autoplay        : (slider_conf.slider_autoplay) == \"true\" ? true : false,\r\n            slidesToScroll  : parseInt(slider_conf.slidesToScroll),\r\n            centerPadding   : '15px',\r\n            autoplaySpeed   : parseInt(slider_conf.autoplaySpeed),\r\n            pauseOnHover    : (slider_conf.pauseOnHover) == \"true\" ? true : false,\r\n            loop : false,\r\n\r\n            responsive: [{\r\n                breakpoint: 1200,\r\n                settings: {\r\n                    slidesToShow: parseInt(slider_conf.col_md),\r\n                }\r\n            }, \r\n            {\r\n                breakpoint: 992,\r\n                settings: {\r\n                    slidesToShow: parseInt(slider_conf.col_sm),\r\n                }\r\n            }, \r\n            {\r\n                breakpoint: 768,\r\n                settings: {\r\n                    arrows: false,\r\n                    slidesToShow: parseInt(slider_conf.col_xs),\r\n                }\r\n            }, ]\r\n            });\r\n        }\r\n       \r\n        });\r\n    });\r\n    <\/script>\r\n        \t\t\t\t<\/div>\n\t\t\t\t<\/div>\n\t\t\t\t\t<\/div>\n\t\t<\/div>\n\t\t\t\t\t<\/div>\n\t\t<\/section>\n\t\t\t\t\t<\/div>\n\t\t<\/div>\n\t\t\t\t\t<\/div>\n\t\t<\/section>\n\t\t\t\t<section class=\"elementor-section elementor-top-section elementor-element elementor-element-dda7479 elementor-section-stretched elementor-section-full_width elementor-section-height-default elementor-section-height-default\" data-id=\"dda7479\" data-element_type=\"section\" data-settings=\"{&quot;stretch_section&quot;:&quot;section-stretched&quot;,&quot;background_background&quot;:&quot;classic&quot;}\">\n\t\t\t\t\t\t<div class=\"elementor-container elementor-column-gap-default\">\n\t\t\t\t\t<div class=\"elementor-column elementor-col-100 elementor-top-column elementor-element elementor-element-8ca6dc9\" data-id=\"8ca6dc9\" data-element_type=\"column\">\n\t\t\t<div class=\"elementor-widget-wrap elementor-element-populated\">\n\t\t\t\t\t\t<section class=\"elementor-section elementor-inner-section elementor-element elementor-element-7d67685 elementor-section-boxed elementor-section-height-default elementor-section-height-default\" data-id=\"7d67685\" data-element_type=\"section\">\n\t\t\t\t\t\t<div class=\"elementor-container elementor-column-gap-default\">\n\t\t\t\t\t<div class=\"elementor-column elementor-col-100 elementor-inner-column elementor-element elementor-element-4b5daf7\" data-id=\"4b5daf7\" data-element_type=\"column\">\n\t\t\t<div class=\"elementor-widget-wrap elementor-element-populated\">\n\t\t\t\t\t\t<div class=\"elementor-element elementor-element-c4b459e elementor-widget elementor-widget-rs-cta\" data-id=\"c4b459e\" data-element_type=\"widget\" data-widget_type=\"rs-cta.default\">\n\t\t\t\t<div class=\"elementor-widget-container\">\n\t\t\t\t\t\t\t<div class=\"rs-cta\">\r\n\t\t\t<div class=\"cta-content\">\r\n\t\t\t\t\t\t\t        <div class=\"cta-title\">\r\n\t\t\t        \t\r\n\t\t\t            <h3 class=\"title\"> \r\n\t\t\t            \t<a class=\"title\" href=\"https:\/\/topbetvn68.com\/index.php\/lien-he\/\" >\t\t\t\t\r\n\t\t\t            \t\tGi\u1ea3i Ph\u00e1p Kinh Doanh iGaming To\u00e0n Di\u1ec7n\t\t\t            \t<\/a>\r\n\r\n\t\t\t            <\/h3>\r\n\r\n\t\t\t        <\/div>\r\n\t\t\t\t\t\t\t\t\t\t\t        <div class=\"cta-text\">\r\n\t\t\t            <p class=\"desc\"> X10 Doanh Thu Cho Doanh Nghi\u1ec7p iGaming V\u1edbi Gi\u1ea3i Ph\u00e1p To\u00e0n Di\u1ec7n T\u1eeb Topbet<\/p>\r\n\t\t\t        <\/div>\r\n\t\t\t\t\t\t\t<\/div>\r\n\r\n            \t\t\t\r\n    \t\t\t<div class=\"rs-btn\">\r\n\r\n    \t\t\t\t\r\n    \t\t\t\t<a class=\"readon rs_button elementor-animation-\" href=\"\" >\t\t\t\t\r\n    \t\t\t\t\t<span class=\"btn_text\">Li\u00ean H\u1ec7 Ngay<\/span>\r\n\r\n    \t\t\t\t\t    \t\t\t\t<\/a>\r\n\r\n    \t\t\t<\/div>\r\n                \r\n\r\n\t\t<\/div>   \r\n\t\t\t\t\t<\/div>\n\t\t\t\t<\/div>\n\t\t\t\t\t<\/div>\n\t\t<\/div>\n\t\t\t\t\t<\/div>\n\t\t<\/section>\n\t\t\t\t\t<\/div>\n\t\t<\/div>\n\t\t\t\t\t<\/div>\n\t\t<\/section>\n\t\t<div class=\"elementor-element elementor-element-cfb16c8 e-flex e-con-boxed e-con e-parent\" data-id=\"cfb16c8\" data-element_type=\"container\">\n\t\t\t\t\t<div class=\"e-con-inner\">\n\t\t\t\t<div class=\"elementor-element elementor-element-d430edc elementor-widget elementor-widget-rs-logo\" data-id=\"d430edc\" data-element_type=\"widget\" data-widget_type=\"rs-logo.default\">\n\t\t\t\t<div class=\"elementor-widget-container\">\n\t\t\t\t\t\n        \n            <div class=\"rsaddon-unique-slider\">\n                <div id=\"rsaddon-slick-slider-32551\" class=\"rs-addon-slider\">                   \n                        \n                                                        <div class=\"grid-item \">\n                                    <div  class=\"rs-grid-figure\">\n                                        <div class=\"logo-img\">\n                                            <a href=\"https:\/\/vietwin.cc\/\" target=\"_blank\" rel=\"noopener\"><img decoding=\"async\" class=\"rs-grid-img \"  src=\"https:\/\/topbetvn68.com\/wp-content\/uploads\/2025\/01\/phan-mem-ke-toan-viet-win-300x150.png\" title=\"\" alt=\"\"><\/a>\n                                        <\/div>\n                                                                                                                    <\/div>\n                                <\/div>           \n                                                            <div class=\"grid-item \">\n                                    <div  class=\"rs-grid-figure\">\n                                        <div class=\"logo-img\">\n                                            <a href=\"https:\/\/vsup.cc\/\" target=\"_blank\" rel=\"noopener\"><img decoding=\"async\" class=\"rs-grid-img \"  src=\"https:\/\/topbetvn68.com\/wp-content\/uploads\/2025\/01\/vsup-dich-vu-ho-tro-ky-thuat-300x150.png\" title=\"\" alt=\"\"><\/a>\n                                        <\/div>\n                                                                                                                    <\/div>\n                                <\/div>           \n                                                            <div class=\"grid-item \">\n                                    <div  class=\"rs-grid-figure\">\n                                        <div class=\"logo-img\">\n                                            <a href=\"https:\/\/vstat.cc\/\" target=\"_blank\" rel=\"noopener\"><img decoding=\"async\" class=\"rs-grid-img \"  src=\"https:\/\/topbetvn68.com\/wp-content\/uploads\/2025\/01\/vstat-dich-vu-thong-ke-va-kiem-soat-du-lieu-300x150.png\" title=\"\" alt=\"\"><\/a>\n                                        <\/div>\n                                                                                                                    <\/div>\n                                <\/div>           \n                                                            <div class=\"grid-item \">\n                                    <div  class=\"rs-grid-figure\">\n                                        <div class=\"logo-img\">\n                                            <a href=\"https:\/\/vscan.cc\/\" target=\"_blank\" rel=\"noopener\"><img decoding=\"async\" class=\"rs-grid-img \"  src=\"https:\/\/topbetvn68.com\/wp-content\/uploads\/2025\/01\/vscan-dich-vu-phan-tich-du-lieu-300x150.png\" title=\"\" alt=\"\"><\/a>\n                                        <\/div>\n                                                                                                                    <\/div>\n                                <\/div>           \n                                                  \n                <\/div>\n                <div class=\"rsaddon-slider-conf wpsisac-hide\" data-conf=\"{&quot;slidesToShow&quot;:&quot;4&quot;,&quot;autoplaySpeed&quot;:3000,&quot;interval&quot;:3000,&quot;slidesToScroll&quot;:2,&quot;slider_autoplay&quot;:&quot;false&quot;,&quot;pauseOnHover&quot;:&quot;false&quot;,&quot;sliderDots&quot;:&quot;false&quot;,&quot;sliderNav&quot;:&quot;false&quot;,&quot;infinite&quot;:&quot;true&quot;,&quot;centerMode&quot;:&quot;false&quot;,&quot;col_lg&quot;:&quot;4&quot;,&quot;col_md&quot;:3,&quot;col_sm&quot;:2,&quot;col_xs&quot;:&quot;1&quot;}\"><\/div>\n            <\/div>\n            <script type=\"text\/javascript\"> \n                jQuery(document).ready(function(){\n                    jQuery( '.rs-addon-slider' ).each(function( index ) {        \n                    var slider_id       = jQuery(this).attr('id'); \n                    var slider_conf     = jQuery.parseJSON( jQuery(this).closest('.rsaddon-unique-slider').find('.rsaddon-slider-conf').attr('data-conf'));\n                   \n                    if( typeof(slider_id) != 'undefined' && slider_id != '' ) {\n                    jQuery('#'+slider_id).not('.slick-initialized').slick({\n                    slidesToShow    : parseInt(slider_conf.col_lg),\n                    centerMode      : (slider_conf.centerMode)  == \"true\" ? true : false,\n                    dots            : (slider_conf.sliderDots)  == \"true\" ? true : false,\n                    arrows          : (slider_conf.sliderNav) == \"true\" ? true : false,\n                    autoplay        : (slider_conf.slider_autoplay) == \"true\" ? true : false,\n                    slidesToScroll  : parseInt(slider_conf.slidesToScroll),\n                    centerPadding   : '15px',\n                    autoplaySpeed   : parseInt(slider_conf.autoplaySpeed),\n                    pauseOnHover    : (slider_conf.pauseOnHover) == \"true\" ? true : false,\n                    loop : false,\n\n                    responsive: [{\n                        breakpoint: 1200,\n                        settings: {\n                            slidesToShow: parseInt(slider_conf.col_md),\n                        }\n                    }, \n                    {\n                        breakpoint: 992,\n                        settings: {\n                            slidesToShow: parseInt(slider_conf.col_sm),\n                        }\n                    }, \n                    {\n                        breakpoint: 768,\n                        settings: {\n                            arrows: false,\n                            slidesToShow: parseInt(slider_conf.col_xs),\n                        }\n                    }, ]\n                    });\n                }\n               \n                });\n            });\n            <\/script>\n        \t\t\t\t<\/div>\n\t\t\t\t<\/div>\n\t\t\t\t\t<\/div>\n\t\t\t\t<\/div>\n\t\t\t\t<\/div>\n\t\t","protected":false},"excerpt":{"rendered":"<p>Loto L\u00f4 \u0110\u1ec1 3 Mi\u1ec1n B\u1eafc &#8211; Trung &#8211; Nam V\u1edbi Gi\u00e1 Th\u1ea7u H\u1ea5p D\u1eabn B\u1ea1n mu\u1ed1n chinh ph\u1ee5c c\u01a1 h\u1ed9i v\u00e0 tr\u1edf th\u00e0nh tri\u1ec7u ph\u00fa? H\u00e3y l\u1ef1a ch\u1ecdn Topbet, \u0111\u1ed1i t\u00e1c chi\u1ebfn l\u01b0\u1ee3c c\u00f9ng ONE789 (LD789) v\u00e0 SGD6666, \u0111\u1ec3 bi\u1ebfn nh\u1eefng gi\u1ea5c m\u01a1 kinh doanh b\u00f3ng \u0111\u00e1 c\u1ee7a b\u1ea1n th\u00e0nh s\u1ef1 th\u1eadt! ONE789 \u2013&#8230;<\/p>\n","protected":false},"author":1,"featured_media":0,"parent":0,"menu_order":0,"comment_status":"closed","ping_status":"closed","template":"","meta":{"footnotes":""},"class_list":["post-44210","page","type-page","status-publish","hentry"],"_links":{"self":[{"href":"https:\/\/topbetvn68.com\/index.php\/wp-json\/wp\/v2\/pages\/44210","targetHints":{"allow":["GET"]}}],"collection":[{"href":"https:\/\/topbetvn68.com\/index.php\/wp-json\/wp\/v2\/pages"}],"about":[{"href":"https:\/\/topbetvn68.com\/index.php\/wp-json\/wp\/v2\/types\/page"}],"author":[{"embeddable":true,"href":"https:\/\/topbetvn68.com\/index.php\/wp-json\/wp\/v2\/users\/1"}],"replies":[{"embeddable":true,"href":"https:\/\/topbetvn68.com\/index.php\/wp-json\/wp\/v2\/comments?post=44210"}],"version-history":[{"count":7,"href":"https:\/\/topbetvn68.com\/index.php\/wp-json\/wp\/v2\/pages\/44210\/revisions"}],"predecessor-version":[{"id":44497,"href":"https:\/\/topbetvn68.com\/index.php\/wp-json\/wp\/v2\/pages\/44210\/revisions\/44497"}],"wp:attachment":[{"href":"https:\/\/topbetvn68.com\/index.php\/wp-json\/wp\/v2\/media?parent=44210"}],"curies":[{"name":"wp","href":"https:\/\/api.w.org\/{rel}","templated":true}]}}